
{"id":110,"date":"2014-06-30T09:47:30","date_gmt":"2014-06-30T07:47:30","guid":{"rendered":"http:\/\/asterix.klappmedia.no\/selli\/?page_id=110"},"modified":"2025-03-26T10:31:09","modified_gmt":"2025-03-26T09:31:09","slug":"brukerutvalg","status":"publish","type":"page","link":"https:\/\/selli.no\/?page_id=110","title":{"rendered":"Brukerutvalg"},"content":{"rendered":"<p>Brukerutvalget best\u00e5r av personer med erfaring fra Selli Rehabiliteringssenter eller andre helseinstitusjoner og som har tilknytning til de diagnosegruppene som Selli behandler.<br \/>\nNoen av de viktigste oppgavene til brukerutvalget er \u00e5 ivareta pasientenes og deres p\u00e5r\u00f8rendes behov. Brukerutvalget er et r\u00e5dgivende organ til ledelsen ved Selli.<br \/>\nBrukerutvalget ved Selli Rehabiliteringssenter er et frittst\u00e5ende, uavhengig organ.<\/p>\n<p>Medlemmene er p\u00e5lagt taushetsplikt.<\/p>\n<p>&nbsp;<\/p>\n<p>Kontaktinformasjon til brukerutvalget ved Selli Rehabiliteringssenter:<\/p>\n<p>&nbsp;<\/p>\n<p>Stein Nervik (leder)<\/p>\n<p>Tlf.: 412 56 765<\/p>\n<p>Mail: <a href=\"mailto:snervi@gmail.com\">snervi@gmail.com<\/a><\/p>\n<p>&nbsp;<\/p>\n<p>Carl Fredrik Boug<\/p>\n<p>Tlf.: 908 97 872<\/p>\n<p>Mail: <u><a href=\"mailto:carl.fredrik.boug@gmail.com\">carl.fredrik.boug@gmail.com<\/a><\/u><\/p>\n<p>&nbsp;<\/p>\n<p>Pia Henriette Olaug Lund<\/p>\n<p>Tlf.: 466 93 394<\/p>\n<p>Mail: <u><a href=\"mailto:phl80@hotmail.com\">phl80@hotmail.com<\/a><\/u><\/p>\n","protected":false},"excerpt":{"rendered":"<p>Brukerutvalget best\u00e5r av personer med erfaring fra Selli Rehabiliteringssenter eller andre helseinstitusjoner og som har tilknytning til de diagnosegruppene som Selli behandler. Noen av de viktigste oppgavene til brukerutvalget er \u00e5 ivareta pasientenes og deres p\u00e5r\u00f8rendes behov. Brukerutvalget er et r\u00e5dgivende organ til ledelsen ved Selli. Brukerutvalget ved Selli Rehabiliteringssenter er et frittst\u00e5ende, uavhengig organ. [&hellip;]<\/p>\n","protected":false},"author":1,"featured_media":0,"parent":25,"menu_order":6,"comment_status":"closed","ping_status":"closed","template":"tpl-side-menu.php","meta":{"_acf_changed":false,"footnotes":""},"class_list":["post-110","page","type-page","status-publish","hentry"],"acf":[],"_links":{"self":[{"href":"https:\/\/selli.no\/index.php?rest_route=\/wp\/v2\/pages\/110","targetHints":{"allow":["GET"]}}],"collection":[{"href":"https:\/\/selli.no\/index.php?rest_route=\/wp\/v2\/pages"}],"about":[{"href":"https:\/\/selli.no\/index.php?rest_route=\/wp\/v2\/types\/page"}],"author":[{"embeddable":true,"href":"https:\/\/selli.no\/index.php?rest_route=\/wp\/v2\/users\/1"}],"replies":[{"embeddable":true,"href":"https:\/\/selli.no\/index.php?rest_route=%2Fwp%2Fv2%2Fcomments&post=110"}],"version-history":[{"count":5,"href":"https:\/\/selli.no\/index.php?rest_route=\/wp\/v2\/pages\/110\/revisions"}],"predecessor-version":[{"id":1690,"href":"https:\/\/selli.no\/index.php?rest_route=\/wp\/v2\/pages\/110\/revisions\/1690"}],"up":[{"embeddable":true,"href":"https:\/\/selli.no\/index.php?rest_route=\/wp\/v2\/pages\/25"}],"wp:attachment":[{"href":"https:\/\/selli.no\/index.php?rest_route=%2Fwp%2Fv2%2Fmedia&parent=110"}],"curies":[{"name":"wp","href":"https:\/\/api.w.org\/{rel}","templated":true}]}}