
{"id":1312,"date":"2018-10-25T09:49:45","date_gmt":"2018-10-25T07:49:45","guid":{"rendered":"http:\/\/selli.no\/?page_id=1312"},"modified":"2025-02-14T12:12:04","modified_gmt":"2025-02-14T11:12:04","slug":"personvernerklaering","status":"publish","type":"page","link":"https:\/\/selli.no\/?page_id=1312","title":{"rendered":"Personvernerkl\u00e6ring for Selli Rehabiliteringssenter"},"content":{"rendered":"<h2><\/h2>\n<h2><\/h2>\n<h2>Behandlingsansvarlig<\/h2>\n<p>Daglig leder er p\u00e5 vegne av Selli Rehabiliteringssenter ansvarlig for institusjonens behandling av personopplysninger.<\/p>\n<h2><\/h2>\n<p>&nbsp;<\/p>\n<h2>Personopplysninger som lagres<\/h2>\n<p>Vi lagrer f\u00f8lgende personopplysninger om v\u00e5re pasienter:<\/p>\n<p>Navn, kj\u00f8nn, f\u00f8dselsdato, personnummer, adresse, telefonnummer og navn og kontaktinformasjon til n\u00e6rmeste p\u00e5r\u00f8rende.<\/p>\n<p><strong>\u00a0<\/strong><\/p>\n<p>&nbsp;<\/p>\n<h2>Form\u00e5l med behandlingen<\/h2>\n<p>Vi behandler personopplysningene for \u00e5 kunne yte helsehjelp i forbindelse med pasientens rehabiliteringsopphold ved Selli Rehabiliteringssenter.<\/p>\n<h2><\/h2>\n<p>&nbsp;<\/p>\n<h2>Grunnlaget for behandlingen<\/h2>\n<p>Institusjonen har en rettslig forpliktelse, jf. Helsepersonellovens \u00a7 39, til \u00e5 nedtegne eller registrere opplysninger i en journal for den enkelte pasient.<\/p>\n<p>&nbsp;<\/p>\n<p>&nbsp;<\/p>\n<h2>Innhenting av personopplysninger<\/h2>\n<p>Personopplysningene vi har registrert p\u00e5 pasienten er hentet fra henvisningen fra sykehuset\/ fastlegen, i tillegg til personopplysninger innhentet ved samtale med pasienten under innskriving p\u00e5 Selli.<\/p>\n<p>&nbsp;<\/p>\n<p>&nbsp;<\/p>\n<h2>Utlevering av opplysninger til tredjeparter<\/h2>\n<p>Institusjonen har en rettslig forpliktelse, jf. Helsepersonellovens \u00a7 45 a, til \u00e5 oversende epikrise til innleggende eller henvisende helsepersonell, til det helsepersonellet som trenger opplysningene for \u00e5 kunne gi pasienten forsvarlig oppf\u00f8lging, og til pasientens fastlege. Vi utleverer ikke personopplysninger til land utenfor EU-\/E\u00d8S-omr\u00e5det eller til internasjonale organisasjoner.<\/p>\n<p><strong>\u00a0<\/strong><\/p>\n<p>&nbsp;<\/p>\n<h2>Sletting av personopplysninger<\/h2>\n<p>Etter krav fra den journalopplysningene gjelder, eller av eget tiltak, skal helsepersonell som nevnt i \u00a7 39 slette opplysninger eller utsagn i journalen, dersom dette er ubetenkelig ut fra allmenne hensyn, ikke strider mot bestemmelsene i eller i medhold av arkivloven \u00a7\u00a7 9 eller 18 og:<\/p>\n<ol>\n<li>opplysningene er feilaktige eller misvisende og f\u00f8les belastende for den de gjelder eller<\/li>\n<li>opplysningene \u00e5penbart ikke er n\u00f8dvendige for \u00e5 gi pasienten helsehjelp.<\/li>\n<\/ol>\n<p>&nbsp;<\/p>\n<p>Dersom krav om sletting avsl\u00e5s, skal kravet om sletting og begrunnelse for avslaget nedtegnes i journalen.<\/p>\n<p>Avslag p\u00e5 krav om sletting kan p\u00e5klages til Fylkesmannen. Dersom Fylkesmannen mener at sletting kan v\u00e6re i strid med arkivlova \u00a7\u00a7 9 eller 18, skal det innhentes uttalelse fra Riksarkivaren.<\/p>\n<p>&nbsp;<\/p>\n<p>&nbsp;<\/p>\n<p>&nbsp;<\/p>\n<h2>Rettigheter for den registrerte<\/h2>\n<p>Vi behandler pasientens personopplysninger i henhold til personopplysningsloven og gjeldende forskrifter. Det gj\u00f8res oppmerksom p\u00e5 at pasienten kan kreve innsyn i og flytting av egne personopplysninger, samt kreve retting eller sletting av opplysninger.<\/p>\n<p>Det kan klages til Datatilsynet p\u00e5 behandling i strid med reglene.<\/p>\n<p><strong>\u00a0<\/strong><\/p>\n<p>&nbsp;<\/p>\n<h2>Personvernombud<\/h2>\n<p>Vi har ikke et personvernombud, men daglig leder p\u00e5ser at personopplysningslovens regler om behandling av personopplysninger blir fulgt.<\/p>\n<p><strong>\u00a0<\/strong><\/p>\n<h2><\/h2>\n<h2>Informasjonssikkerhet<\/h2>\n<p>Vi sikrer pasientens personopplysninger ved b\u00e5de fysisk og virtuell adgangs- og tilgangskontroll, samt ved kryptering av sensitive deler av avgitte opplysninger. Foruten helsepersonell ved institusjonen er det bare resepsjonist og bookingansvarlig som har tilgang til det pasientadministrative journalsystemet.<\/p>\n<p>&nbsp;<\/p>\n<p>&nbsp;<\/p>\n<h2>Kontaktinformasjon<\/h2>\n<p>Henvendelser om hvilke opplysninger som er registrert, anmodning om retting og sletting kan sendes skriftlig til kvalitetsleder p\u00e5 f\u00f8lgende e-post adresse: <a href=\"mailto:christian.hoff@selli.no\">christian.hoff@selli.no<\/a><\/p>\n<p><u>Kontaktinformasjon\u00a0 til institusjonen:<\/u><\/p>\n<p>Selli Rehabiliteringssenter<\/p>\n<p>Tanemsbruvegen 25, 7540 Kl\u00e6bu<\/p>\n<p>Tlf. 72 83 43 00, <a href=\"http:\/\/www.selli.no\">www.selli.no<\/a><\/p>\n<p>&nbsp;<\/p>\n<p>Med vennlig hilsen<\/p>\n<p>&nbsp;<\/p>\n<p>J\u00f8rn Sand<\/p>\n<p>Daglig leder<br \/>\nSelli Rehabiliteringssenter<\/p>\n","protected":false},"excerpt":{"rendered":"<p>Behandlingsansvarlig Daglig leder er p\u00e5 vegne av Selli Rehabiliteringssenter ansvarlig for institusjonens behandling av personopplysninger. &nbsp; Personopplysninger som lagres Vi lagrer f\u00f8lgende personopplysninger om v\u00e5re pasienter: Navn, kj\u00f8nn, f\u00f8dselsdato, personnummer, adresse, telefonnummer og navn og kontaktinformasjon til n\u00e6rmeste p\u00e5r\u00f8rende. \u00a0 &nbsp; Form\u00e5l med behandlingen Vi behandler personopplysningene for \u00e5 kunne yte helsehjelp i forbindelse med [&hellip;]<\/p>\n","protected":false},"author":4,"featured_media":0,"parent":25,"menu_order":0,"comment_status":"closed","ping_status":"closed","template":"tpl-side-menu.php","meta":{"_acf_changed":false,"footnotes":""},"class_list":["post-1312","page","type-page","status-publish","hentry"],"acf":[],"_links":{"self":[{"href":"https:\/\/selli.no\/index.php?rest_route=\/wp\/v2\/pages\/1312","targetHints":{"allow":["GET"]}}],"collection":[{"href":"https:\/\/selli.no\/index.php?rest_route=\/wp\/v2\/pages"}],"about":[{"href":"https:\/\/selli.no\/index.php?rest_route=\/wp\/v2\/types\/page"}],"author":[{"embeddable":true,"href":"https:\/\/selli.no\/index.php?rest_route=\/wp\/v2\/users\/4"}],"replies":[{"embeddable":true,"href":"https:\/\/selli.no\/index.php?rest_route=%2Fwp%2Fv2%2Fcomments&post=1312"}],"version-history":[{"count":1,"href":"https:\/\/selli.no\/index.php?rest_route=\/wp\/v2\/pages\/1312\/revisions"}],"predecessor-version":[{"id":1654,"href":"https:\/\/selli.no\/index.php?rest_route=\/wp\/v2\/pages\/1312\/revisions\/1654"}],"up":[{"embeddable":true,"href":"https:\/\/selli.no\/index.php?rest_route=\/wp\/v2\/pages\/25"}],"wp:attachment":[{"href":"https:\/\/selli.no\/index.php?rest_route=%2Fwp%2Fv2%2Fmedia&parent=1312"}],"curies":[{"name":"wp","href":"https:\/\/api.w.org\/{rel}","templated":true}]}}